{"id":1511,"date":"2018-04-09T12:17:24","date_gmt":"2018-04-09T11:17:24","guid":{"rendered":"https:\/\/www.doctors20.com\/partners\/"},"modified":"2023-09-07T13:13:54","modified_gmt":"2023-09-07T12:13:54","slug":"partenaires","status":"publish","type":"page","link":"https:\/\/www.doctors20.com\/fr\/partenaires\/","title":{"rendered":"Partenaires"},"content":{"rendered":"<div id=\"cs-content\" class=\"cs-content\"><\/div>\n","protected":false},"excerpt":{"rendered":"<p>Partenaires M\u00e9diaBuzz esant\u00e9 Buzz E-sant\u00e9 est un m\u00e9dia d\u2019information d\u00e9di\u00e9 \u00e0 l\u2019e-sant\u00e9 et au digital appliqu\u00e9 au domaine de la sant\u00e9. L\u2019e-sant\u00e9, la t\u00e9l\u00e9m\u00e9decine, le web sant\u00e9, la m-sant\u00e9, la &#8230; <a href=\"https:\/\/www.doctors20.com\/fr\/partenaires\/\" class=\"more-link\">Lire la suite<\/a><\/p>\n","protected":false},"author":1,"featured_media":0,"parent":0,"menu_order":0,"comment_status":"closed","ping_status":"closed","template":"template-blank-4.php","meta":{"footnotes":""},"class_list":["post-1511","page","type-page","status-publish","hentry","no-post-thumbnail"],"yoast_head":"<!-- This site is optimized with the Yoast SEO plugin v27.4 - https:\/\/yoast.com\/product\/yoast-seo-wordpress\/ -->\n<title>Partenaires - Doctors 2.0<\/title>\n<meta name=\"robots\" content=\"index, follow, max-snippet:-1, max-image-preview:large, max-video-preview:-1\" \/>\n<link rel=\"canonical\" href=\"https:\/\/www.doctors20.com\/fr\/partenaires\/\" \/>\n<meta property=\"og:locale\" content=\"fr_FR\" \/>\n<meta property=\"og:type\" content=\"article\" \/>\n<meta property=\"og:title\" content=\"Partenaires - Doctors 2.0\" \/>\n<meta property=\"og:description\" content=\"Partenaires M\u00e9diaBuzz esant\u00e9 Buzz E-sant\u00e9 est un m\u00e9dia d\u2019information d\u00e9di\u00e9 \u00e0 l\u2019e-sant\u00e9 et au digital appliqu\u00e9 au domaine de la sant\u00e9. L\u2019e-sant\u00e9, la t\u00e9l\u00e9m\u00e9decine, le web sant\u00e9, la m-sant\u00e9, la ... Lire la suite\" \/>\n<meta property=\"og:url\" content=\"https:\/\/www.doctors20.com\/fr\/partenaires\/\" \/>\n<meta property=\"og:site_name\" content=\"Doctors 2.0\" \/>\n<meta property=\"article:publisher\" content=\"https:\/\/www.facebook.com\/Doctors20You\" \/>\n<meta property=\"article:modified_time\" content=\"2023-09-07T12:13:54+00:00\" \/>\n<meta name=\"twitter:card\" content=\"summary_large_image\" \/>\n<meta name=\"twitter:site\" content=\"@basilstrategies\" \/>\n<meta name=\"twitter:label1\" content=\"Dur\u00e9e de lecture estim\u00e9e\" \/>\n\t<meta name=\"twitter:data1\" content=\"4 minutes\" \/>\n<script type=\"application\/ld+json\" class=\"yoast-schema-graph\">{\"@context\":\"https:\\\/\\\/schema.org\",\"@graph\":[{\"@type\":\"WebPage\",\"@id\":\"https:\\\/\\\/www.doctors20.com\\\/fr\\\/partenaires\\\/\",\"url\":\"https:\\\/\\\/www.doctors20.com\\\/fr\\\/partenaires\\\/\",\"name\":\"Partenaires - Doctors 2.0\",\"isPartOf\":{\"@id\":\"https:\\\/\\\/www.doctors20.com\\\/#website\"},\"datePublished\":\"2018-04-09T11:17:24+00:00\",\"dateModified\":\"2023-09-07T12:13:54+00:00\",\"breadcrumb\":{\"@id\":\"https:\\\/\\\/www.doctors20.com\\\/fr\\\/partenaires\\\/#breadcrumb\"},\"inLanguage\":\"fr-FR\",\"potentialAction\":[{\"@type\":\"ReadAction\",\"target\":[\"https:\\\/\\\/www.doctors20.com\\\/fr\\\/partenaires\\\/\"]}]},{\"@type\":\"BreadcrumbList\",\"@id\":\"https:\\\/\\\/www.doctors20.com\\\/fr\\\/partenaires\\\/#breadcrumb\",\"itemListElement\":[{\"@type\":\"ListItem\",\"position\":1,\"name\":\"Home\",\"item\":\"https:\\\/\\\/www.doctors20.com\\\/fr\\\/\"},{\"@type\":\"ListItem\",\"position\":2,\"name\":\"Partenaires\"}]},{\"@type\":\"WebSite\",\"@id\":\"https:\\\/\\\/www.doctors20.com\\\/#website\",\"url\":\"https:\\\/\\\/www.doctors20.com\\\/\",\"name\":\"Doctors 2.0\",\"description\":\"Digital Health For All\",\"publisher\":{\"@id\":\"https:\\\/\\\/www.doctors20.com\\\/#organization\"},\"potentialAction\":[{\"@type\":\"SearchAction\",\"target\":{\"@type\":\"EntryPoint\",\"urlTemplate\":\"https:\\\/\\\/www.doctors20.com\\\/?s={search_term_string}\"},\"query-input\":{\"@type\":\"PropertyValueSpecification\",\"valueRequired\":true,\"valueName\":\"search_term_string\"}}],\"inLanguage\":\"fr-FR\"},{\"@type\":\"Organization\",\"@id\":\"https:\\\/\\\/www.doctors20.com\\\/#organization\",\"name\":\"Basil Strategies\",\"url\":\"https:\\\/\\\/www.doctors20.com\\\/\",\"logo\":{\"@type\":\"ImageObject\",\"inLanguage\":\"fr-FR\",\"@id\":\"https:\\\/\\\/www.doctors20.com\\\/#\\\/schema\\\/logo\\\/image\\\/\",\"url\":\"https:\\\/\\\/www.doctors20.com\\\/wp-content\\\/uploads\\\/2024\\\/03\\\/D20-logo-square-blue-1-300.png\",\"contentUrl\":\"https:\\\/\\\/www.doctors20.com\\\/wp-content\\\/uploads\\\/2024\\\/03\\\/D20-logo-square-blue-1-300.png\",\"width\":300,\"height\":300,\"caption\":\"Basil Strategies\"},\"image\":{\"@id\":\"https:\\\/\\\/www.doctors20.com\\\/#\\\/schema\\\/logo\\\/image\\\/\"},\"sameAs\":[\"https:\\\/\\\/www.facebook.com\\\/Doctors20You\",\"https:\\\/\\\/x.com\\\/basilstrategies\",\"http:\\\/\\\/www.linkedin.com\\\/companies\\\/285263\",\"https:\\\/\\\/www.youtube.com\\\/user\\\/BasilStrategies\"]}]}<\/script>\n<!-- \/ Yoast SEO plugin. -->","yoast_head_json":{"title":"Partenaires - Doctors 2.0","robots":{"index":"index","follow":"follow","max-snippet":"max-snippet:-1","max-image-preview":"max-image-preview:large","max-video-preview":"max-video-preview:-1"},"canonical":"https:\/\/www.doctors20.com\/fr\/partenaires\/","og_locale":"fr_FR","og_type":"article","og_title":"Partenaires - Doctors 2.0","og_description":"Partenaires M\u00e9diaBuzz esant\u00e9 Buzz E-sant\u00e9 est un m\u00e9dia d\u2019information d\u00e9di\u00e9 \u00e0 l\u2019e-sant\u00e9 et au digital appliqu\u00e9 au domaine de la sant\u00e9. L\u2019e-sant\u00e9, la t\u00e9l\u00e9m\u00e9decine, le web sant\u00e9, la m-sant\u00e9, la ... Lire la suite","og_url":"https:\/\/www.doctors20.com\/fr\/partenaires\/","og_site_name":"Doctors 2.0","article_publisher":"https:\/\/www.facebook.com\/Doctors20You","article_modified_time":"2023-09-07T12:13:54+00:00","twitter_card":"summary_large_image","twitter_site":"@basilstrategies","twitter_misc":{"Dur\u00e9e de lecture estim\u00e9e":"4 minutes"},"schema":{"@context":"https:\/\/schema.org","@graph":[{"@type":"WebPage","@id":"https:\/\/www.doctors20.com\/fr\/partenaires\/","url":"https:\/\/www.doctors20.com\/fr\/partenaires\/","name":"Partenaires - Doctors 2.0","isPartOf":{"@id":"https:\/\/www.doctors20.com\/#website"},"datePublished":"2018-04-09T11:17:24+00:00","dateModified":"2023-09-07T12:13:54+00:00","breadcrumb":{"@id":"https:\/\/www.doctors20.com\/fr\/partenaires\/#breadcrumb"},"inLanguage":"fr-FR","potentialAction":[{"@type":"ReadAction","target":["https:\/\/www.doctors20.com\/fr\/partenaires\/"]}]},{"@type":"BreadcrumbList","@id":"https:\/\/www.doctors20.com\/fr\/partenaires\/#breadcrumb","itemListElement":[{"@type":"ListItem","position":1,"name":"Home","item":"https:\/\/www.doctors20.com\/fr\/"},{"@type":"ListItem","position":2,"name":"Partenaires"}]},{"@type":"WebSite","@id":"https:\/\/www.doctors20.com\/#website","url":"https:\/\/www.doctors20.com\/","name":"Doctors 2.0","description":"Digital Health For All","publisher":{"@id":"https:\/\/www.doctors20.com\/#organization"},"potentialAction":[{"@type":"SearchAction","target":{"@type":"EntryPoint","urlTemplate":"https:\/\/www.doctors20.com\/?s={search_term_string}"},"query-input":{"@type":"PropertyValueSpecification","valueRequired":true,"valueName":"search_term_string"}}],"inLanguage":"fr-FR"},{"@type":"Organization","@id":"https:\/\/www.doctors20.com\/#organization","name":"Basil Strategies","url":"https:\/\/www.doctors20.com\/","logo":{"@type":"ImageObject","inLanguage":"fr-FR","@id":"https:\/\/www.doctors20.com\/#\/schema\/logo\/image\/","url":"https:\/\/www.doctors20.com\/wp-content\/uploads\/2024\/03\/D20-logo-square-blue-1-300.png","contentUrl":"https:\/\/www.doctors20.com\/wp-content\/uploads\/2024\/03\/D20-logo-square-blue-1-300.png","width":300,"height":300,"caption":"Basil Strategies"},"image":{"@id":"https:\/\/www.doctors20.com\/#\/schema\/logo\/image\/"},"sameAs":["https:\/\/www.facebook.com\/Doctors20You","https:\/\/x.com\/basilstrategies","http:\/\/www.linkedin.com\/companies\/285263","https:\/\/www.youtube.com\/user\/BasilStrategies"]}]}},"_links":{"self":[{"href":"https:\/\/www.doctors20.com\/fr\/wp-json\/wp\/v2\/pages\/1511","targetHints":{"allow":["GET"]}}],"collection":[{"href":"https:\/\/www.doctors20.com\/fr\/wp-json\/wp\/v2\/pages"}],"about":[{"href":"https:\/\/www.doctors20.com\/fr\/wp-json\/wp\/v2\/types\/page"}],"author":[{"embeddable":true,"href":"https:\/\/www.doctors20.com\/fr\/wp-json\/wp\/v2\/users\/1"}],"replies":[{"embeddable":true,"href":"https:\/\/www.doctors20.com\/fr\/wp-json\/wp\/v2\/comments?post=1511"}],"version-history":[{"count":36,"href":"https:\/\/www.doctors20.com\/fr\/wp-json\/wp\/v2\/pages\/1511\/revisions"}],"predecessor-version":[{"id":50703,"href":"https:\/\/www.doctors20.com\/fr\/wp-json\/wp\/v2\/pages\/1511\/revisions\/50703"}],"wp:attachment":[{"href":"https:\/\/www.doctors20.com\/fr\/wp-json\/wp\/v2\/media?parent=1511"}],"curies":[{"name":"wp","href":"https:\/\/api.w.org\/{rel}","templated":true}]}}