{"id":1226,"date":"2018-02-02T12:36:33","date_gmt":"2018-02-02T12:36:33","guid":{"rendered":"http:\/\/d20.thalamus.co.uk\/?page_id=1226"},"modified":"2023-09-07T13:23:13","modified_gmt":"2023-09-07T12:23:13","slug":"accueil","status":"publish","type":"page","link":"https:\/\/www.doctors20.com\/fr\/","title":{"rendered":"Accueil"},"content":{"rendered":"<div id=\"cs-content\" class=\"cs-content\"><\/div>\n","protected":false},"excerpt":{"rendered":"<p>DOCTORS 2.0 &#038; Youla&nbsp;sant\u00e9&nbsp;digitale&nbsp;pour&nbsp;tous Doctors 2.0 &#038; You a chang\u00e9 ! Doctors 2.0 &#038; You est votre agence de conseil et contenus. Nous collaborons avec vous pour acc\u00e9l\u00e9rer l&rsquo;avanc\u00e9e de &#8230; <a href=\"https:\/\/www.doctors20.com\/fr\/rencontre18mars2021\/\" class=\"more-link\">Lire la suite<\/a><\/p>\n","protected":false},"author":1,"featured_media":3041,"parent":0,"menu_order":0,"comment_status":"closed","ping_status":"closed","template":"template-blank-4.php","meta":{"footnotes":""},"class_list":["post-1226","page","type-page","status-publish","has-post-thumbnail","hentry"],"yoast_head":"<!-- This site is optimized with the Yoast SEO plugin v27.4 - https:\/\/yoast.com\/product\/yoast-seo-wordpress\/ -->\n<title>Accueil - Doctors 2.0<\/title>\n<meta name=\"description\" content=\"Doctors 2.0 &amp; You, congr\u00e8s sp\u00e9cialis\u00e9 dans la mise en valeur des innovations digitales et de la voix des patients, coop\u00e8re avec tous les congr\u00e8s m\u00e9dicaux, pour aller au del\u00e0 des geeks, l\u00e0 o\u00f9 se trouvent cliniciens, et autres acteurs de sant\u00e9.\" \/>\n<meta name=\"robots\" content=\"index, follow, max-snippet:-1, max-image-preview:large, max-video-preview:-1\" \/>\n<link rel=\"canonical\" href=\"https:\/\/www.doctors20.com\/fr\/\" \/>\n<meta property=\"og:locale\" content=\"fr_FR\" \/>\n<meta property=\"og:type\" content=\"article\" \/>\n<meta property=\"og:title\" content=\"Accueil - Doctors 2.0\" \/>\n<meta property=\"og:description\" content=\"Doctors 2.0 &amp; You, congr\u00e8s sp\u00e9cialis\u00e9 dans la mise en valeur des innovations digitales et de la voix des patients, coop\u00e8re avec tous les congr\u00e8s m\u00e9dicaux, pour aller au del\u00e0 des geeks, l\u00e0 o\u00f9 se trouvent cliniciens, et autres acteurs de sant\u00e9.\" \/>\n<meta property=\"og:url\" content=\"https:\/\/www.doctors20.com\/fr\/\" \/>\n<meta property=\"og:site_name\" content=\"Doctors 2.0\" \/>\n<meta property=\"article:publisher\" content=\"https:\/\/www.facebook.com\/Doctors20You\" \/>\n<meta property=\"article:modified_time\" content=\"2023-09-07T12:23:13+00:00\" \/>\n<meta property=\"og:image\" content=\"https:\/\/www.doctors20.com\/wp-content\/uploads\/2018\/02\/opengraph2018jpg.jpg\" \/>\n\t<meta property=\"og:image:width\" content=\"1920\" \/>\n\t<meta property=\"og:image:height\" content=\"1080\" \/>\n\t<meta property=\"og:image:type\" content=\"image\/jpeg\" \/>\n<meta name=\"twitter:card\" content=\"summary_large_image\" \/>\n<meta name=\"twitter:site\" content=\"@basilstrategies\" \/>\n<meta name=\"twitter:label1\" content=\"Dur\u00e9e de lecture estim\u00e9e\" \/>\n\t<meta name=\"twitter:data1\" content=\"17 minutes\" \/>\n<script type=\"application\/ld+json\" class=\"yoast-schema-graph\">{\"@context\":\"https:\\\/\\\/schema.org\",\"@graph\":[{\"@type\":\"WebPage\",\"@id\":\"https:\\\/\\\/www.doctors20.com\\\/fr\\\/\",\"url\":\"https:\\\/\\\/www.doctors20.com\\\/fr\\\/\",\"name\":\"Accueil - Doctors 2.0\",\"isPartOf\":{\"@id\":\"https:\\\/\\\/www.doctors20.com\\\/#website\"},\"primaryImageOfPage\":{\"@id\":\"https:\\\/\\\/www.doctors20.com\\\/fr\\\/#primaryimage\"},\"image\":{\"@id\":\"https:\\\/\\\/www.doctors20.com\\\/fr\\\/#primaryimage\"},\"thumbnailUrl\":\"https:\\\/\\\/www.doctors20.com\\\/wp-content\\\/uploads\\\/2018\\\/02\\\/opengraph2018jpg.jpg\",\"datePublished\":\"2018-02-02T12:36:33+00:00\",\"dateModified\":\"2023-09-07T12:23:13+00:00\",\"description\":\"Doctors 2.0 & You, congr\u00e8s sp\u00e9cialis\u00e9 dans la mise en valeur des innovations digitales et de la voix des patients, coop\u00e8re avec tous les congr\u00e8s m\u00e9dicaux, pour aller au del\u00e0 des geeks, l\u00e0 o\u00f9 se trouvent cliniciens, et autres acteurs de sant\u00e9.\",\"breadcrumb\":{\"@id\":\"https:\\\/\\\/www.doctors20.com\\\/fr\\\/#breadcrumb\"},\"inLanguage\":\"fr-FR\",\"potentialAction\":[{\"@type\":\"ReadAction\",\"target\":[\"https:\\\/\\\/www.doctors20.com\\\/fr\\\/\"]}]},{\"@type\":\"ImageObject\",\"inLanguage\":\"fr-FR\",\"@id\":\"https:\\\/\\\/www.doctors20.com\\\/fr\\\/#primaryimage\",\"url\":\"https:\\\/\\\/www.doctors20.com\\\/wp-content\\\/uploads\\\/2018\\\/02\\\/opengraph2018jpg.jpg\",\"contentUrl\":\"https:\\\/\\\/www.doctors20.com\\\/wp-content\\\/uploads\\\/2018\\\/02\\\/opengraph2018jpg.jpg\",\"width\":1920,\"height\":1080},{\"@type\":\"BreadcrumbList\",\"@id\":\"https:\\\/\\\/www.doctors20.com\\\/fr\\\/#breadcrumb\",\"itemListElement\":[{\"@type\":\"ListItem\",\"position\":1,\"name\":\"Home\",\"item\":\"https:\\\/\\\/www.doctors20.com\\\/fr\\\/\"},{\"@type\":\"ListItem\",\"position\":2,\"name\":\"Accueil\"}]},{\"@type\":\"WebSite\",\"@id\":\"https:\\\/\\\/www.doctors20.com\\\/#website\",\"url\":\"https:\\\/\\\/www.doctors20.com\\\/\",\"name\":\"Doctors 2.0\",\"description\":\"Digital Health For All\",\"publisher\":{\"@id\":\"https:\\\/\\\/www.doctors20.com\\\/#organization\"},\"potentialAction\":[{\"@type\":\"SearchAction\",\"target\":{\"@type\":\"EntryPoint\",\"urlTemplate\":\"https:\\\/\\\/www.doctors20.com\\\/?s={search_term_string}\"},\"query-input\":{\"@type\":\"PropertyValueSpecification\",\"valueRequired\":true,\"valueName\":\"search_term_string\"}}],\"inLanguage\":\"fr-FR\"},{\"@type\":\"Organization\",\"@id\":\"https:\\\/\\\/www.doctors20.com\\\/#organization\",\"name\":\"Basil Strategies\",\"url\":\"https:\\\/\\\/www.doctors20.com\\\/\",\"logo\":{\"@type\":\"ImageObject\",\"inLanguage\":\"fr-FR\",\"@id\":\"https:\\\/\\\/www.doctors20.com\\\/#\\\/schema\\\/logo\\\/image\\\/\",\"url\":\"https:\\\/\\\/www.doctors20.com\\\/wp-content\\\/uploads\\\/2024\\\/03\\\/D20-logo-square-blue-1-300.png\",\"contentUrl\":\"https:\\\/\\\/www.doctors20.com\\\/wp-content\\\/uploads\\\/2024\\\/03\\\/D20-logo-square-blue-1-300.png\",\"width\":300,\"height\":300,\"caption\":\"Basil Strategies\"},\"image\":{\"@id\":\"https:\\\/\\\/www.doctors20.com\\\/#\\\/schema\\\/logo\\\/image\\\/\"},\"sameAs\":[\"https:\\\/\\\/www.facebook.com\\\/Doctors20You\",\"https:\\\/\\\/x.com\\\/basilstrategies\",\"http:\\\/\\\/www.linkedin.com\\\/companies\\\/285263\",\"https:\\\/\\\/www.youtube.com\\\/user\\\/BasilStrategies\"]}]}<\/script>\n<!-- \/ Yoast SEO plugin. -->","yoast_head_json":{"title":"Accueil - Doctors 2.0","description":"Doctors 2.0 & You, congr\u00e8s sp\u00e9cialis\u00e9 dans la mise en valeur des innovations digitales et de la voix des patients, coop\u00e8re avec tous les congr\u00e8s m\u00e9dicaux, pour aller au del\u00e0 des geeks, l\u00e0 o\u00f9 se trouvent cliniciens, et autres acteurs de sant\u00e9.","robots":{"index":"index","follow":"follow","max-snippet":"max-snippet:-1","max-image-preview":"max-image-preview:large","max-video-preview":"max-video-preview:-1"},"canonical":"https:\/\/www.doctors20.com\/fr\/","og_locale":"fr_FR","og_type":"article","og_title":"Accueil - Doctors 2.0","og_description":"Doctors 2.0 & You, congr\u00e8s sp\u00e9cialis\u00e9 dans la mise en valeur des innovations digitales et de la voix des patients, coop\u00e8re avec tous les congr\u00e8s m\u00e9dicaux, pour aller au del\u00e0 des geeks, l\u00e0 o\u00f9 se trouvent cliniciens, et autres acteurs de sant\u00e9.","og_url":"https:\/\/www.doctors20.com\/fr\/","og_site_name":"Doctors 2.0","article_publisher":"https:\/\/www.facebook.com\/Doctors20You","article_modified_time":"2023-09-07T12:23:13+00:00","og_image":[{"width":1920,"height":1080,"url":"https:\/\/www.doctors20.com\/wp-content\/uploads\/2018\/02\/opengraph2018jpg.jpg","type":"image\/jpeg"}],"twitter_card":"summary_large_image","twitter_site":"@basilstrategies","twitter_misc":{"Dur\u00e9e de lecture estim\u00e9e":"17 minutes"},"schema":{"@context":"https:\/\/schema.org","@graph":[{"@type":"WebPage","@id":"https:\/\/www.doctors20.com\/fr\/","url":"https:\/\/www.doctors20.com\/fr\/","name":"Accueil - Doctors 2.0","isPartOf":{"@id":"https:\/\/www.doctors20.com\/#website"},"primaryImageOfPage":{"@id":"https:\/\/www.doctors20.com\/fr\/#primaryimage"},"image":{"@id":"https:\/\/www.doctors20.com\/fr\/#primaryimage"},"thumbnailUrl":"https:\/\/www.doctors20.com\/wp-content\/uploads\/2018\/02\/opengraph2018jpg.jpg","datePublished":"2018-02-02T12:36:33+00:00","dateModified":"2023-09-07T12:23:13+00:00","description":"Doctors 2.0 & You, congr\u00e8s sp\u00e9cialis\u00e9 dans la mise en valeur des innovations digitales et de la voix des patients, coop\u00e8re avec tous les congr\u00e8s m\u00e9dicaux, pour aller au del\u00e0 des geeks, l\u00e0 o\u00f9 se trouvent cliniciens, et autres acteurs de sant\u00e9.","breadcrumb":{"@id":"https:\/\/www.doctors20.com\/fr\/#breadcrumb"},"inLanguage":"fr-FR","potentialAction":[{"@type":"ReadAction","target":["https:\/\/www.doctors20.com\/fr\/"]}]},{"@type":"ImageObject","inLanguage":"fr-FR","@id":"https:\/\/www.doctors20.com\/fr\/#primaryimage","url":"https:\/\/www.doctors20.com\/wp-content\/uploads\/2018\/02\/opengraph2018jpg.jpg","contentUrl":"https:\/\/www.doctors20.com\/wp-content\/uploads\/2018\/02\/opengraph2018jpg.jpg","width":1920,"height":1080},{"@type":"BreadcrumbList","@id":"https:\/\/www.doctors20.com\/fr\/#breadcrumb","itemListElement":[{"@type":"ListItem","position":1,"name":"Home","item":"https:\/\/www.doctors20.com\/fr\/"},{"@type":"ListItem","position":2,"name":"Accueil"}]},{"@type":"WebSite","@id":"https:\/\/www.doctors20.com\/#website","url":"https:\/\/www.doctors20.com\/","name":"Doctors 2.0","description":"Digital Health For All","publisher":{"@id":"https:\/\/www.doctors20.com\/#organization"},"potentialAction":[{"@type":"SearchAction","target":{"@type":"EntryPoint","urlTemplate":"https:\/\/www.doctors20.com\/?s={search_term_string}"},"query-input":{"@type":"PropertyValueSpecification","valueRequired":true,"valueName":"search_term_string"}}],"inLanguage":"fr-FR"},{"@type":"Organization","@id":"https:\/\/www.doctors20.com\/#organization","name":"Basil Strategies","url":"https:\/\/www.doctors20.com\/","logo":{"@type":"ImageObject","inLanguage":"fr-FR","@id":"https:\/\/www.doctors20.com\/#\/schema\/logo\/image\/","url":"https:\/\/www.doctors20.com\/wp-content\/uploads\/2024\/03\/D20-logo-square-blue-1-300.png","contentUrl":"https:\/\/www.doctors20.com\/wp-content\/uploads\/2024\/03\/D20-logo-square-blue-1-300.png","width":300,"height":300,"caption":"Basil Strategies"},"image":{"@id":"https:\/\/www.doctors20.com\/#\/schema\/logo\/image\/"},"sameAs":["https:\/\/www.facebook.com\/Doctors20You","https:\/\/x.com\/basilstrategies","http:\/\/www.linkedin.com\/companies\/285263","https:\/\/www.youtube.com\/user\/BasilStrategies"]}]}},"_links":{"self":[{"href":"https:\/\/www.doctors20.com\/fr\/wp-json\/wp\/v2\/pages\/1226","targetHints":{"allow":["GET"]}}],"collection":[{"href":"https:\/\/www.doctors20.com\/fr\/wp-json\/wp\/v2\/pages"}],"about":[{"href":"https:\/\/www.doctors20.com\/fr\/wp-json\/wp\/v2\/types\/page"}],"author":[{"embeddable":true,"href":"https:\/\/www.doctors20.com\/fr\/wp-json\/wp\/v2\/users\/1"}],"replies":[{"embeddable":true,"href":"https:\/\/www.doctors20.com\/fr\/wp-json\/wp\/v2\/comments?post=1226"}],"version-history":[{"count":61,"href":"https:\/\/www.doctors20.com\/fr\/wp-json\/wp\/v2\/pages\/1226\/revisions"}],"predecessor-version":[{"id":50711,"href":"https:\/\/www.doctors20.com\/fr\/wp-json\/wp\/v2\/pages\/1226\/revisions\/50711"}],"wp:featuredmedia":[{"embeddable":true,"href":"https:\/\/www.doctors20.com\/fr\/wp-json\/wp\/v2\/media\/3041"}],"wp:attachment":[{"href":"https:\/\/www.doctors20.com\/fr\/wp-json\/wp\/v2\/media?parent=1226"}],"curies":[{"name":"wp","href":"https:\/\/api.w.org\/{rel}","templated":true}]}}